{"id":4315,"date":"2021-09-17T20:59:58","date_gmt":"2021-09-17T18:59:58","guid":{"rendered":"http:\/\/vignette-france-eco.com\/?page_id=4315"},"modified":"2021-11-11T20:21:06","modified_gmt":"2021-11-11T19:21:06","slug":"home-deutch","status":"publish","type":"page","link":"https:\/\/vignette-france-eco.com\/de\/","title":{"rendered":"Home deutch"},"content":{"rendered":"<div data-elementor-type=\"wp-page\" data-elementor-id=\"4315\" class=\"elementor elementor-4315\" data-elementor-post-type=\"page\">\n\t\t\t\t\t\t<section class=\"elementor-section elementor-top-section elementor-element elementor-element-44889c00 elementor-section-height-min-height elementor-section-boxed elementor-section-height-default elementor-section-items-middle\" data-id=\"44889c00\" data-element_type=\"section\" data-settings=\"{&quot;background_background&quot;:&quot;classic&quot;}\">\n\t\t\t\t\t\t<div class=\"elementor-container elementor-column-gap-default\">\n\t\t\t\t\t<div class=\"elementor-column elementor-col-100 elementor-top-column elementor-element elementor-element-214068b4\" data-id=\"214068b4\" data-element_type=\"column\">\n\t\t\t<div class=\"elementor-widget-wrap elementor-element-populated\">\n\t\t\t\t\t\t<div class=\"elementor-element elementor-element-452ba51 de_scroll_animation_no elementor-widget elementor-widget-heading\" data-id=\"452ba51\" data-element_type=\"widget\" data-widget_type=\"heading.default\">\n\t\t\t\t<div class=\"elementor-widget-container\">\n\t\t\t\t\t<h2 class=\"elementor-heading-title elementor-size-default\">Anti-Schadstoffplakette f\u00fcr ausl\u00e4ndische Fahrzeuge<\/h2>\t\t\t\t<\/div>\n\t\t\t\t<\/div>\n\t\t\t\t<div class=\"elementor-element elementor-element-3b7e34f elementor-widget-divider--view-line de_scroll_animation_no elementor-widget elementor-widget-divider\" data-id=\"3b7e34f\" data-element_type=\"widget\" data-widget_type=\"divider.default\">\n\t\t\t\t<div class=\"elementor-widget-container\">\n\t\t\t\t\t\t\t<div class=\"elementor-divider\">\n\t\t\t<span class=\"elementor-divider-separator\">\n\t\t\t\t\t\t<\/span>\n\t\t<\/div>\n\t\t\t\t\t\t<\/div>\n\t\t\t\t<\/div>\n\t\t\t\t<section class=\"elementor-section elementor-inner-section elementor-element elementor-element-579142f1 elementor-section-height-min-height animated-slow elementor-section-boxed elementor-section-height-default elementor-invisible\" data-id=\"579142f1\" data-element_type=\"section\" data-settings=\"{&quot;animation&quot;:&quot;fadeIn&quot;}\">\n\t\t\t\t\t\t<div class=\"elementor-container elementor-column-gap-wide\">\n\t\t\t\t\t<div class=\"elementor-column elementor-col-50 elementor-inner-column elementor-element elementor-element-1ab589bc\" data-id=\"1ab589bc\" data-element_type=\"column\">\n\t\t\t<div class=\"elementor-widget-wrap elementor-element-populated\">\n\t\t\t\t\t\t<div class=\"elementor-element elementor-element-7cbedd9b elementor-position-left elementor-vertical-align-middle envato-kit-140-imagebox-nospace de_scroll_animation_no elementor-widget elementor-widget-image-box\" data-id=\"7cbedd9b\" data-element_type=\"widget\" data-widget_type=\"image-box.default\">\n\t\t\t\t<div class=\"elementor-widget-container\">\n\t\t\t\t\t<div class=\"elementor-image-box-wrapper\"><figure class=\"elementor-image-box-img\"><a href=\"http:\/\/vignette-france-eco.com\/de\/product\/vignette-critair-pour-vehicules-francais\/\" tabindex=\"-1\"><img decoding=\"async\" src=\"https:\/\/vignette-france-eco.com\/wp-content\/uploads\/elementor\/thumbs\/Flag_of_France-pcut5szz8xuyscldod0h0kft04simjwtm752nyo5a0.png\" title=\"Flag_of_France\" alt=\"Flag_of_France\" class=\"elementor-animation-bob\" loading=\"lazy\" \/><\/a><\/figure><div class=\"elementor-image-box-content\"><div class=\"elementor-image-box-title\"><a href=\"http:\/\/vignette-france-eco.com\/de\/product\/vignette-critair-pour-vehicules-francais\/\">In Frankreich zugelassene Fahrzeuge<\/a><\/div><p class=\"elementor-image-box-description\">Mit diesem Service k\u00f6nnen Sie mit wenigen Klicks ein Luftqualit\u00e4tszertifikat f\u00fcr Ihr Fahrzeug in Frankreich beantragen.<\/p><\/div><\/div>\t\t\t\t<\/div>\n\t\t\t\t<\/div>\n\t\t\t\t<div class=\"elementor-element elementor-element-c1ffd2c elementor-position-left elementor-vertical-align-middle envato-kit-140-imagebox-nospace de_scroll_animation_no elementor-widget elementor-widget-image-box\" data-id=\"c1ffd2c\" data-element_type=\"widget\" data-widget_type=\"image-box.default\">\n\t\t\t\t<div class=\"elementor-widget-container\">\n\t\t\t\t\t<div class=\"elementor-image-box-wrapper\"><figure class=\"elementor-image-box-img\"><a href=\"http:\/\/vignette-france-eco.com\/es\/product\/servicio-de-entrega-de-certificados-calidad-del-aire\/\" tabindex=\"-1\"><img decoding=\"async\" src=\"https:\/\/vignette-france-eco.com\/wp-content\/uploads\/elementor\/thumbs\/Flag_of_Spain-pcut3j80qcr0q9w5xvnxhn2pblzl0vw6aydtww1ebc.png\" title=\"Flag_of_Spain\" alt=\"Flag_of_Spain\" class=\"elementor-animation-bob\" loading=\"lazy\" \/><\/a><\/figure><div class=\"elementor-image-box-content\"><div class=\"elementor-image-box-title\"><a href=\"http:\/\/vignette-france-eco.com\/es\/product\/servicio-de-entrega-de-certificados-calidad-del-aire\/\">In Spanien zugelassene Fahrzeuge<\/a><\/div><p class=\"elementor-image-box-description\">Mit diesem Service k\u00f6nnen Sie mit wenigen Klicks ein Luftqualit\u00e4tszertifikat f\u00fcr Ihr Fahrzeug in Spanien beantragen.<\/p><\/div><\/div>\t\t\t\t<\/div>\n\t\t\t\t<\/div>\n\t\t\t\t<div class=\"elementor-element elementor-element-41fcea4 elementor-position-left elementor-vertical-align-middle envato-kit-140-imagebox-nospace de_scroll_animation_no elementor-widget elementor-widget-image-box\" data-id=\"41fcea4\" data-element_type=\"widget\" data-widget_type=\"image-box.default\">\n\t\t\t\t<div class=\"elementor-widget-container\">\n\t\t\t\t\t<div class=\"elementor-image-box-wrapper\"><figure class=\"elementor-image-box-img\"><a href=\"http:\/\/vignette-france-eco.com\/it\/product\/il-servizio-di-consegna-della-qualita-dellaria-certificato\/\" tabindex=\"-1\"><img decoding=\"async\" src=\"https:\/\/vignette-france-eco.com\/wp-content\/uploads\/elementor\/thumbs\/Flag_of_Italy-pcut3k5ux6sb1vusse2k24u5wzuy8kzwn31be60054.png\" title=\"Flag_of_Italy\" alt=\"Flag_of_Italy\" class=\"elementor-animation-bob\" loading=\"lazy\" \/><\/a><\/figure><div class=\"elementor-image-box-content\"><div class=\"elementor-image-box-title\"><a href=\"http:\/\/vignette-france-eco.com\/it\/product\/il-servizio-di-consegna-della-qualita-dellaria-certificato\/\">In Italien zugelassene Fahrzeuge<\/a><\/div><p class=\"elementor-image-box-description\">Mit diesem Service k\u00f6nnen Sie mit wenigen Klicks ein Luftqualit\u00e4tszertifikat f\u00fcr Ihr Fahrzeug in Italien beantragen.<\/p><\/div><\/div>\t\t\t\t<\/div>\n\t\t\t\t<\/div>\n\t\t\t\t\t<\/div>\n\t\t<\/div>\n\t\t\t\t<div class=\"elementor-column elementor-col-50 elementor-inner-column elementor-element elementor-element-45a001af\" data-id=\"45a001af\" data-element_type=\"column\">\n\t\t\t<div class=\"elementor-widget-wrap elementor-element-populated\">\n\t\t\t\t\t\t<div class=\"elementor-element elementor-element-c8ec273 elementor-position-left elementor-vertical-align-middle envato-kit-140-imagebox-nospace de_scroll_animation_no elementor-widget elementor-widget-image-box\" data-id=\"c8ec273\" data-element_type=\"widget\" data-widget_type=\"image-box.default\">\n\t\t\t\t<div class=\"elementor-widget-container\">\n\t\t\t\t\t<div class=\"elementor-image-box-wrapper\"><figure class=\"elementor-image-box-img\"><a href=\"http:\/\/vignette-france-eco.com\/de\/product\/anti-schadstoff-plakette-fur-auslandische-fahrzeuge\/\" tabindex=\"-1\"><img decoding=\"async\" src=\"https:\/\/vignette-france-eco.com\/wp-content\/uploads\/elementor\/thumbs\/Flag_of_Germany.svg-pcvkbu2id4pj1vy8o4bserjwf87howme2zux2ojb20.png\" title=\"Flag_of_Germany.svg\" alt=\"Flag_of_Germany.svg\" class=\"elementor-animation-bob\" loading=\"lazy\" \/><\/a><\/figure><div class=\"elementor-image-box-content\"><div class=\"elementor-image-box-title\"><a href=\"http:\/\/vignette-france-eco.com\/de\/product\/anti-schadstoff-plakette-fur-auslandische-fahrzeuge\/\">In Deutschland zugelassene Fahrzeuge<\/a><\/div><p class=\"elementor-image-box-description\">Mit diesem Service k\u00f6nnen Sie mit wenigen Klicks ein Luftqualit\u00e4tsgutachten f\u00fcr Ihr Fahrzeug in Deutschland beantragen.<\/p><\/div><\/div>\t\t\t\t<\/div>\n\t\t\t\t<\/div>\n\t\t\t\t<div class=\"elementor-element elementor-element-3237a23 elementor-position-left elementor-vertical-align-middle envato-kit-140-imagebox-nospace de_scroll_animation_no elementor-widget elementor-widget-image-box\" data-id=\"3237a23\" data-element_type=\"widget\" data-widget_type=\"image-box.default\">\n\t\t\t\t<div class=\"elementor-widget-container\">\n\t\t\t\t\t<div class=\"elementor-image-box-wrapper\"><figure class=\"elementor-image-box-img\"><a href=\"http:\/\/vignette-france-eco.com\/en\/product\/air-quality-certificate-service\/\" tabindex=\"-1\"><img decoding=\"async\" src=\"https:\/\/vignette-france-eco.com\/wp-content\/uploads\/elementor\/thumbs\/Flag_of_the_UK-pcut3nx7oixgcbpc6fp2c3w0ajcf3detzln9b9ufg8.png\" title=\"Flag_of_the_UK\" alt=\"Flag_of_the_UK\" class=\"elementor-animation-bob\" loading=\"lazy\" \/><\/a><\/figure><div class=\"elementor-image-box-content\"><div class=\"elementor-image-box-title\"><a href=\"http:\/\/vignette-france-eco.com\/en\/product\/air-quality-certificate-service\/\">In Gro\u00dfbritannien registrierte Fahrzeuge<\/a><\/div><p class=\"elementor-image-box-description\">Mit diesem Service k\u00f6nnen Sie mit wenigen Klicks ein Luftqualit\u00e4tszertifikat f\u00fcr Ihr Fahrzeug in Gro\u00dfbritannien beantragen.<\/p><\/div><\/div>\t\t\t\t<\/div>\n\t\t\t\t<\/div>\n\t\t\t\t<div class=\"elementor-element elementor-element-b980ad2 elementor-position-left elementor-vertical-align-middle envato-kit-140-imagebox-nospace de_scroll_animation_no elementor-widget elementor-widget-image-box\" data-id=\"b980ad2\" data-element_type=\"widget\" data-widget_type=\"image-box.default\">\n\t\t\t\t<div class=\"elementor-widget-container\">\n\t\t\t\t\t<div class=\"elementor-image-box-wrapper\"><figure class=\"elementor-image-box-img\"><a href=\"http:\/\/vignette-france-eco.com\/nl\/product\/critair-sticker-voor-nederlandse-voertuigen\/\" tabindex=\"-1\"><img decoding=\"async\" width=\"225\" height=\"150\" src=\"https:\/\/vignette-france-eco.com\/wp-content\/uploads\/2021\/09\/Flag_of_the_Netherlands.png\" class=\"elementor-animation-bob attachment-full size-full wp-image-4238\" alt=\"\" style=\"width:100%;height:66.67%;max-width:225px\" srcset=\"https:\/\/vignette-france-eco.com\/wp-content\/uploads\/2021\/09\/Flag_of_the_Netherlands.png 225w, https:\/\/vignette-france-eco.com\/wp-content\/uploads\/2021\/09\/Flag_of_the_Netherlands-18x12.png 18w\" sizes=\"(max-width: 225px) 100vw, 225px\" \/><\/a><\/figure><div class=\"elementor-image-box-content\"><div class=\"elementor-image-box-title\"><a href=\"http:\/\/vignette-france-eco.com\/nl\/product\/critair-sticker-voor-nederlandse-voertuigen\/\">In Holland zugelassene Fahrzeuge<\/a><\/div><p class=\"elementor-image-box-description\">Mit diesem Service k\u00f6nnen Sie mit wenigen Klicks ein Luftqualit\u00e4tszertifikat f\u00fcr Ihr Fahrzeug in Holland beantragen.<\/p><\/div><\/div>\t\t\t\t<\/div>\n\t\t\t\t<\/div>\n\t\t\t\t\t<\/div>\n\t\t<\/div>\n\t\t\t\t\t<\/div>\n\t\t<\/section>\n\t\t\t\t<section class=\"elementor-section elementor-inner-section elementor-element elementor-element-e89e8c1 animated-slow elementor-section-full_width elementor-section-height-default elementor-section-height-default elementor-invisible\" data-id=\"e89e8c1\" data-element_type=\"section\" data-settings=\"{&quot;animation&quot;:&quot;fadeIn&quot;}\">\n\t\t\t\t\t\t<div class=\"elementor-container elementor-column-gap-default\">\n\t\t\t\t\t<div class=\"elementor-column elementor-col-100 elementor-inner-column elementor-element elementor-element-cd02b7e\" data-id=\"cd02b7e\" data-element_type=\"column\">\n\t\t\t<div class=\"elementor-widget-wrap elementor-element-populated\">\n\t\t\t\t\t\t<div class=\"elementor-element elementor-element-d705101 elementor-position-left elementor-vertical-align-middle envato-kit-140-imagebox-nospace de_scroll_animation_no elementor-widget elementor-widget-image-box\" data-id=\"d705101\" data-element_type=\"widget\" data-widget_type=\"image-box.default\">\n\t\t\t\t<div class=\"elementor-widget-container\">\n\t\t\t\t\t<div class=\"elementor-image-box-wrapper\"><figure class=\"elementor-image-box-img\"><a href=\"http:\/\/vignette-france-eco.com\/de\/product\/vignette-critair-pour-les-vehicules-etrangers\/\" tabindex=\"-1\"><img decoding=\"async\" width=\"200\" height=\"200\" src=\"https:\/\/vignette-france-eco.com\/wp-content\/uploads\/2021\/05\/bel-sui-lux.jpg\" class=\"elementor-animation-bob attachment-full size-full wp-image-4344\" alt=\"\" style=\"width:100%;height:100%;max-width:200px\" srcset=\"https:\/\/vignette-france-eco.com\/wp-content\/uploads\/2021\/05\/bel-sui-lux.jpg 200w, https:\/\/vignette-france-eco.com\/wp-content\/uploads\/2021\/05\/bel-sui-lux-150x150.jpg 150w, https:\/\/vignette-france-eco.com\/wp-content\/uploads\/2021\/05\/bel-sui-lux-12x12.jpg 12w, https:\/\/vignette-france-eco.com\/wp-content\/uploads\/2021\/05\/bel-sui-lux-100x100.jpg 100w\" sizes=\"(max-width: 200px) 100vw, 200px\" \/><\/a><\/figure><div class=\"elementor-image-box-content\"><div class=\"elementor-image-box-title\"><a href=\"http:\/\/vignette-france-eco.com\/de\/product\/vignette-critair-pour-les-vehicules-etrangers\/\">Crit'Air Luftverschmutzungsaufkleber f\u00fcr Reisen in Frankreich<\/a><\/div><p class=\"elementor-image-box-description\">Mit diesem Service k\u00f6nnen Sie mit wenigen Klicks ein Luftqualit\u00e4tszertifikat f\u00fcr Reisen in Frankreich<\/p><\/div><\/div>\t\t\t\t<\/div>\n\t\t\t\t<\/div>\n\t\t\t\t\t<\/div>\n\t\t<\/div>\n\t\t\t\t\t<\/div>\n\t\t<\/section>\n\t\t\t\t\t<\/div>\n\t\t<\/div>\n\t\t\t\t\t<\/div>\n\t\t<\/section>\n\t\t\t\t<\/div>","protected":false},"excerpt":{"rendered":"<p>Anti-Schadstoffplakette f\u00fcr ausl\u00e4ndische Fahrzeuge In Frankreich zugelassene Fahrzeuge Mit diesem Service k\u00f6nnen Sie mit wenigen Klicks ein Luftqualit\u00e4tszertifikat f\u00fcr Ihr Fahrzeug in Frankreich beantragen. In Spanien zugelassene Fahrzeuge Mit diesem Service k\u00f6nnen Sie mit wenigen Klicks ein Luftqualit\u00e4tszertifikat f\u00fcr Ihr Fahrzeug in Spanien beantragen. In Italien zugelassene Fahrzeuge Mit diesem Service k\u00f6nnen Sie mit wenigen&hellip; <a class=\"more-link\" href=\"https:\/\/vignette-france-eco.com\/de\/\"><span class=\"screen-reader-text\">Home deutch<\/span> weiterlesen<\/a><\/p>","protected":false},"author":1,"featured_media":0,"parent":0,"menu_order":0,"comment_status":"closed","ping_status":"closed","template":"","meta":{"footnotes":""},"lang":"de","translations":{"de":4315,"nl":4221,"it":4179,"es":4172,"en":4162,"fr":111},"_links":{"self":[{"href":"https:\/\/vignette-france-eco.com\/de\/wp-json\/wp\/v2\/pages\/4315"}],"collection":[{"href":"https:\/\/vignette-france-eco.com\/de\/wp-json\/wp\/v2\/pages"}],"about":[{"href":"https:\/\/vignette-france-eco.com\/de\/wp-json\/wp\/v2\/types\/page"}],"author":[{"embeddable":true,"href":"https:\/\/vignette-france-eco.com\/de\/wp-json\/wp\/v2\/users\/1"}],"replies":[{"embeddable":true,"href":"https:\/\/vignette-france-eco.com\/de\/wp-json\/wp\/v2\/comments?post=4315"}],"version-history":[{"count":15,"href":"https:\/\/vignette-france-eco.com\/de\/wp-json\/wp\/v2\/pages\/4315\/revisions"}],"predecessor-version":[{"id":4618,"href":"https:\/\/vignette-france-eco.com\/de\/wp-json\/wp\/v2\/pages\/4315\/revisions\/4618"}],"wp:attachment":[{"href":"https:\/\/vignette-france-eco.com\/de\/wp-json\/wp\/v2\/media?parent=4315"}],"curies":[{"name":"wp","href":"https:\/\/api.w.org\/{rel}","templated":true}]}}