{"id":4172,"date":"2021-09-10T15:25:50","date_gmt":"2021-09-10T13:25:50","guid":{"rendered":"http:\/\/vignette-france-eco.com\/?page_id=4172"},"modified":"2021-11-11T20:19:55","modified_gmt":"2021-11-11T19:19:55","slug":"home-espagnol","status":"publish","type":"page","link":"https:\/\/vignette-france-eco.com\/es\/","title":{"rendered":"Home espagnol"},"content":{"rendered":"<div data-elementor-type=\"wp-page\" data-elementor-id=\"4172\" class=\"elementor elementor-4172\" data-elementor-post-type=\"page\">\n\t\t\t\t\t\t<section class=\"elementor-section elementor-top-section elementor-element elementor-element-44889c00 elementor-section-height-min-height elementor-section-boxed elementor-section-height-default elementor-section-items-middle\" data-id=\"44889c00\" data-element_type=\"section\" data-settings=\"{&quot;background_background&quot;:&quot;classic&quot;}\">\n\t\t\t\t\t\t<div class=\"elementor-container elementor-column-gap-default\">\n\t\t\t\t\t<div class=\"elementor-column elementor-col-100 elementor-top-column elementor-element elementor-element-214068b4\" data-id=\"214068b4\" data-element_type=\"column\">\n\t\t\t<div class=\"elementor-widget-wrap elementor-element-populated\">\n\t\t\t\t\t\t<div class=\"elementor-element elementor-element-452ba51 de_scroll_animation_no elementor-widget elementor-widget-heading\" data-id=\"452ba51\" data-element_type=\"widget\" data-widget_type=\"heading.default\">\n\t\t\t\t<div class=\"elementor-widget-container\">\n\t\t\t\t\t<h2 class=\"elementor-heading-title elementor-size-default\">Obtener el certificado de calidad del aire<\/h2>\t\t\t\t<\/div>\n\t\t\t\t<\/div>\n\t\t\t\t<div class=\"elementor-element elementor-element-3b7e34f elementor-widget-divider--view-line de_scroll_animation_no elementor-widget elementor-widget-divider\" data-id=\"3b7e34f\" data-element_type=\"widget\" data-widget_type=\"divider.default\">\n\t\t\t\t<div class=\"elementor-widget-container\">\n\t\t\t\t\t\t\t<div class=\"elementor-divider\">\n\t\t\t<span class=\"elementor-divider-separator\">\n\t\t\t\t\t\t<\/span>\n\t\t<\/div>\n\t\t\t\t\t\t<\/div>\n\t\t\t\t<\/div>\n\t\t\t\t<section class=\"elementor-section elementor-inner-section elementor-element elementor-element-579142f1 elementor-section-height-min-height animated-slow elementor-section-boxed elementor-section-height-default elementor-invisible\" data-id=\"579142f1\" data-element_type=\"section\" data-settings=\"{&quot;animation&quot;:&quot;fadeIn&quot;}\">\n\t\t\t\t\t\t<div class=\"elementor-container elementor-column-gap-wide\">\n\t\t\t\t\t<div class=\"elementor-column elementor-col-50 elementor-inner-column elementor-element elementor-element-1ab589bc\" data-id=\"1ab589bc\" data-element_type=\"column\">\n\t\t\t<div class=\"elementor-widget-wrap elementor-element-populated\">\n\t\t\t\t\t\t<div class=\"elementor-element elementor-element-7cbedd9b elementor-position-left elementor-vertical-align-middle envato-kit-140-imagebox-nospace de_scroll_animation_no elementor-widget elementor-widget-image-box\" data-id=\"7cbedd9b\" data-element_type=\"widget\" data-widget_type=\"image-box.default\">\n\t\t\t\t<div class=\"elementor-widget-container\">\n\t\t\t\t\t<div class=\"elementor-image-box-wrapper\"><figure class=\"elementor-image-box-img\"><a href=\"http:\/\/vignette-france-eco.com\/es\/product\/vignette-critair-pour-vehicules-francais\/\" tabindex=\"-1\"><img decoding=\"async\" src=\"https:\/\/vignette-france-eco.com\/wp-content\/uploads\/elementor\/thumbs\/Flag_of_France-pcut5szz8xuyscldod0h0kft04simjwtm752nyo5a0.png\" title=\"Flag_of_France\" alt=\"Flag_of_France\" class=\"elementor-animation-bob\" loading=\"lazy\" \/><\/a><\/figure><div class=\"elementor-image-box-content\"><div class=\"elementor-image-box-title\"><a href=\"http:\/\/vignette-france-eco.com\/es\/product\/vignette-critair-pour-vehicules-francais\/\">veh\u00edculos matriculados en Francia<\/a><\/div><p class=\"elementor-image-box-description\">Este servicio le permite en unos pocos clics solicitar un certificado de calidad del aire para su veh\u00edculo en Francia.<\/p><\/div><\/div>\t\t\t\t<\/div>\n\t\t\t\t<\/div>\n\t\t\t\t<div class=\"elementor-element elementor-element-c1ffd2c elementor-position-left elementor-vertical-align-middle envato-kit-140-imagebox-nospace de_scroll_animation_no elementor-widget elementor-widget-image-box\" data-id=\"c1ffd2c\" data-element_type=\"widget\" data-widget_type=\"image-box.default\">\n\t\t\t\t<div class=\"elementor-widget-container\">\n\t\t\t\t\t<div class=\"elementor-image-box-wrapper\"><figure class=\"elementor-image-box-img\"><a href=\"http:\/\/vignette-france-eco.com\/es\/product\/servicio-de-entrega-de-certificados-calidad-del-aire\/\" tabindex=\"-1\"><img decoding=\"async\" src=\"https:\/\/vignette-france-eco.com\/wp-content\/uploads\/elementor\/thumbs\/Flag_of_Spain-pcut3j80qcr0q9w5xvnxhn2pblzl0vw6aydtww1ebc.png\" title=\"Flag_of_Spain\" alt=\"Flag_of_Spain\" class=\"elementor-animation-bob\" loading=\"lazy\" \/><\/a><\/figure><div class=\"elementor-image-box-content\"><div class=\"elementor-image-box-title\"><a href=\"http:\/\/vignette-france-eco.com\/es\/product\/servicio-de-entrega-de-certificados-calidad-del-aire\/\">veh\u00edculos matriculados en Espa\u00f1a<\/a><\/div><p class=\"elementor-image-box-description\">Este servicio le permite en unos pocos clics solicitar un certificado de calidad del aire para su veh\u00edculo en Espa\u00f1a.<\/p><\/div><\/div>\t\t\t\t<\/div>\n\t\t\t\t<\/div>\n\t\t\t\t<div class=\"elementor-element elementor-element-41fcea4 elementor-position-left elementor-vertical-align-middle envato-kit-140-imagebox-nospace de_scroll_animation_no elementor-widget elementor-widget-image-box\" data-id=\"41fcea4\" data-element_type=\"widget\" data-widget_type=\"image-box.default\">\n\t\t\t\t<div class=\"elementor-widget-container\">\n\t\t\t\t\t<div class=\"elementor-image-box-wrapper\"><figure class=\"elementor-image-box-img\"><a href=\"http:\/\/vignette-france-eco.com\/it\/product\/il-servizio-di-consegna-della-qualita-dellaria-certificato\/\" tabindex=\"-1\"><img decoding=\"async\" src=\"https:\/\/vignette-france-eco.com\/wp-content\/uploads\/elementor\/thumbs\/Flag_of_Italy-pcut3k5ux6sb1vusse2k24u5wzuy8kzwn31be60054.png\" title=\"Flag_of_Italy\" alt=\"Flag_of_Italy\" class=\"elementor-animation-bob\" loading=\"lazy\" \/><\/a><\/figure><div class=\"elementor-image-box-content\"><div class=\"elementor-image-box-title\"><a href=\"http:\/\/vignette-france-eco.com\/it\/product\/il-servizio-di-consegna-della-qualita-dellaria-certificato\/\">veh\u00edculos matriculados en Italia<\/a><\/div><p class=\"elementor-image-box-description\">Este servicio le permite en unos pocos clics solicitar un certificado de calidad del aire para su veh\u00edculo en Italia.<\/p><\/div><\/div>\t\t\t\t<\/div>\n\t\t\t\t<\/div>\n\t\t\t\t\t<\/div>\n\t\t<\/div>\n\t\t\t\t<div class=\"elementor-column elementor-col-50 elementor-inner-column elementor-element elementor-element-45a001af\" data-id=\"45a001af\" data-element_type=\"column\">\n\t\t\t<div class=\"elementor-widget-wrap elementor-element-populated\">\n\t\t\t\t\t\t<div class=\"elementor-element elementor-element-c8ec273 elementor-position-left elementor-vertical-align-middle envato-kit-140-imagebox-nospace de_scroll_animation_no elementor-widget elementor-widget-image-box\" data-id=\"c8ec273\" data-element_type=\"widget\" data-widget_type=\"image-box.default\">\n\t\t\t\t<div class=\"elementor-widget-container\">\n\t\t\t\t\t<div class=\"elementor-image-box-wrapper\"><figure class=\"elementor-image-box-img\"><a href=\"http:\/\/vignette-france-eco.com\/de\/product\/anti-schadstoff-plakette-fur-auslandische-fahrzeuge\/\" tabindex=\"-1\"><img decoding=\"async\" src=\"https:\/\/vignette-france-eco.com\/wp-content\/uploads\/elementor\/thumbs\/Flag_of_Germany.svg-pcvkbu2id4pj1vy8o4bserjwf87howme2zux2ojb20.png\" title=\"Flag_of_Germany.svg\" alt=\"Flag_of_Germany.svg\" class=\"elementor-animation-bob\" loading=\"lazy\" \/><\/a><\/figure><div class=\"elementor-image-box-content\"><div class=\"elementor-image-box-title\"><a href=\"http:\/\/vignette-france-eco.com\/de\/product\/anti-schadstoff-plakette-fur-auslandische-fahrzeuge\/\">veh\u00edculos matriculados en Alemania<\/a><\/div><p class=\"elementor-image-box-description\">Este servicio le permite en unos pocos clics solicitar un certificado de calidad del aire para su veh\u00edculo en Alemania.<\/p><\/div><\/div>\t\t\t\t<\/div>\n\t\t\t\t<\/div>\n\t\t\t\t<div class=\"elementor-element elementor-element-3237a23 elementor-position-left elementor-vertical-align-middle envato-kit-140-imagebox-nospace de_scroll_animation_no elementor-widget elementor-widget-image-box\" data-id=\"3237a23\" data-element_type=\"widget\" data-widget_type=\"image-box.default\">\n\t\t\t\t<div class=\"elementor-widget-container\">\n\t\t\t\t\t<div class=\"elementor-image-box-wrapper\"><figure class=\"elementor-image-box-img\"><a href=\"http:\/\/vignette-france-eco.com\/en\/product\/air-quality-certificate-service\/\" tabindex=\"-1\"><img decoding=\"async\" src=\"https:\/\/vignette-france-eco.com\/wp-content\/uploads\/elementor\/thumbs\/Flag_of_the_UK-pcut3nx7oixgcbpc6fp2c3w0ajcf3detzln9b9ufg8.png\" title=\"Flag_of_the_UK\" alt=\"Flag_of_the_UK\" class=\"elementor-animation-bob\" loading=\"lazy\" \/><\/a><\/figure><div class=\"elementor-image-box-content\"><div class=\"elementor-image-box-title\"><a href=\"http:\/\/vignette-france-eco.com\/en\/product\/air-quality-certificate-service\/\">veh\u00edculos registrados en el Reino Unido<\/a><\/div><p class=\"elementor-image-box-description\">Este servicio le permite en unos pocos clics solicitar un certificado de calidad del aire para su veh\u00edculo en el Reino Unido.<\/p><\/div><\/div>\t\t\t\t<\/div>\n\t\t\t\t<\/div>\n\t\t\t\t<div class=\"elementor-element elementor-element-34bb0f5 elementor-position-left elementor-vertical-align-middle envato-kit-140-imagebox-nospace de_scroll_animation_no elementor-widget elementor-widget-image-box\" data-id=\"34bb0f5\" data-element_type=\"widget\" data-widget_type=\"image-box.default\">\n\t\t\t\t<div class=\"elementor-widget-container\">\n\t\t\t\t\t<div class=\"elementor-image-box-wrapper\"><figure class=\"elementor-image-box-img\"><a href=\"http:\/\/vignette-france-eco.com\/nl\/product\/critair-sticker-voor-nederlandse-voertuigen\/\" tabindex=\"-1\"><img decoding=\"async\" src=\"https:\/\/vignette-france-eco.com\/wp-content\/uploads\/elementor\/thumbs\/Flag_of_the_Netherlands-pd3p2sadl7qkb3jcln0utaq2xv28xviwdyhldqbut4.png\" title=\"Flag_of_the_Netherlands\" alt=\"Flag_of_the_Netherlands\" class=\"elementor-animation-bob\" loading=\"lazy\" \/><\/a><\/figure><div class=\"elementor-image-box-content\"><div class=\"elementor-image-box-title\"><a href=\"http:\/\/vignette-france-eco.com\/nl\/product\/critair-sticker-voor-nederlandse-voertuigen\/\">Veicoli immatricolati in Holanda<\/a><\/div><p class=\"elementor-image-box-description\">Este servicio le permite en unos pocos clics solicitar un certificado de calidad del aire para su veh\u00edculo en Holanda.<\/p><\/div><\/div>\t\t\t\t<\/div>\n\t\t\t\t<\/div>\n\t\t\t\t\t<\/div>\n\t\t<\/div>\n\t\t\t\t\t<\/div>\n\t\t<\/section>\n\t\t\t\t<section class=\"elementor-section elementor-inner-section elementor-element elementor-element-e89e8c1 animated-slow elementor-section-full_width elementor-section-height-default elementor-section-height-default elementor-invisible\" data-id=\"e89e8c1\" data-element_type=\"section\" data-settings=\"{&quot;animation&quot;:&quot;fadeIn&quot;}\">\n\t\t\t\t\t\t<div class=\"elementor-container elementor-column-gap-default\">\n\t\t\t\t\t<div class=\"elementor-column elementor-col-100 elementor-inner-column elementor-element elementor-element-cd02b7e\" data-id=\"cd02b7e\" data-element_type=\"column\">\n\t\t\t<div class=\"elementor-widget-wrap elementor-element-populated\">\n\t\t\t\t\t\t<div class=\"elementor-element elementor-element-d705101 elementor-position-left elementor-vertical-align-middle envato-kit-140-imagebox-nospace de_scroll_animation_no elementor-widget elementor-widget-image-box\" data-id=\"d705101\" data-element_type=\"widget\" data-widget_type=\"image-box.default\">\n\t\t\t\t<div class=\"elementor-widget-container\">\n\t\t\t\t\t<div class=\"elementor-image-box-wrapper\"><figure class=\"elementor-image-box-img\"><a href=\"http:\/\/vignette-france-eco.com\/es\/product\/vignette-critair-pour-les-vehicules-etrangers\/\" tabindex=\"-1\"><img decoding=\"async\" src=\"https:\/\/vignette-france-eco.com\/wp-content\/uploads\/elementor\/thumbs\/bel-sui-lux-pdb2nkqiqxqlopyfaudgz5yv2h572076jh4zvog7nc.jpg\" title=\"bel-sui-lux\" alt=\"bel-sui-lux\" class=\"elementor-animation-bob\" loading=\"lazy\" \/><\/a><\/figure><div class=\"elementor-image-box-content\"><div class=\"elementor-image-box-title\"><a href=\"http:\/\/vignette-france-eco.com\/es\/product\/vignette-critair-pour-les-vehicules-etrangers\/\">Adhesivo anticontaminaci\u00f3n Crit'Air para viajar por Francia<\/a><\/div><p class=\"elementor-image-box-description\">Este servicio le permite en unos pocos clics solicitar un certificado de calidad del aire para viajar por Francia<\/p><\/div><\/div>\t\t\t\t<\/div>\n\t\t\t\t<\/div>\n\t\t\t\t\t<\/div>\n\t\t<\/div>\n\t\t\t\t\t<\/div>\n\t\t<\/section>\n\t\t\t\t\t<\/div>\n\t\t<\/div>\n\t\t\t\t\t<\/div>\n\t\t<\/section>\n\t\t\t\t<\/div>","protected":false},"excerpt":{"rendered":"<p>Obtener el certificado de calidad del aire veh\u00edculos matriculados en Francia Este servicio le permite en unos pocos clics solicitar un certificado de calidad del aire para su veh\u00edculo en Francia. veh\u00edculos matriculados en Espa\u00f1a Este servicio le permite en unos pocos clics solicitar un certificado de calidad del aire para su veh\u00edculo en Espa\u00f1a.&hellip; <a class=\"more-link\" href=\"https:\/\/vignette-france-eco.com\/es\/\">Seguir leyendo <span class=\"screen-reader-text\">Home espagnol<\/span><\/a><\/p>","protected":false},"author":1,"featured_media":0,"parent":0,"menu_order":0,"comment_status":"closed","ping_status":"closed","template":"","meta":{"footnotes":""},"lang":"es","translations":{"de":4315,"nl":4221,"it":4179,"es":4172,"en":4162,"fr":111},"_links":{"self":[{"href":"https:\/\/vignette-france-eco.com\/es\/wp-json\/wp\/v2\/pages\/4172"}],"collection":[{"href":"https:\/\/vignette-france-eco.com\/es\/wp-json\/wp\/v2\/pages"}],"about":[{"href":"https:\/\/vignette-france-eco.com\/es\/wp-json\/wp\/v2\/types\/page"}],"author":[{"embeddable":true,"href":"https:\/\/vignette-france-eco.com\/es\/wp-json\/wp\/v2\/users\/1"}],"replies":[{"embeddable":true,"href":"https:\/\/vignette-france-eco.com\/es\/wp-json\/wp\/v2\/comments?post=4172"}],"version-history":[{"count":12,"href":"https:\/\/vignette-france-eco.com\/es\/wp-json\/wp\/v2\/pages\/4172\/revisions"}],"predecessor-version":[{"id":4612,"href":"https:\/\/vignette-france-eco.com\/es\/wp-json\/wp\/v2\/pages\/4172\/revisions\/4612"}],"wp:attachment":[{"href":"https:\/\/vignette-france-eco.com\/es\/wp-json\/wp\/v2\/media?parent=4172"}],"curies":[{"name":"wp","href":"https:\/\/api.w.org\/{rel}","templated":true}]}}